{"id":32,"date":"2026-04-10T22:57:04","date_gmt":"2026-04-10T22:57:04","guid":{"rendered":"http:\/\/fbpsantafe.com.ar\/?page_id=32"},"modified":"2026-04-10T22:57:04","modified_gmt":"2026-04-10T22:57:04","slug":"autoridades","status":"publish","type":"page","link":"https:\/\/fbpsantafe.com.ar\/?page_id=32","title":{"rendered":"AUTORIDADES"},"content":{"rendered":"\n<p>Presidente: Marcelo Roberto Turcato<\/p>\n\n\n\n<p>Vicepresidente 1\u00ba Diego Andr\u00e9s Pucciarelli<\/p>\n\n\n\n<p>Vicepresidente 2\u00ba Daniel Roque Gianoglio<\/p>\n\n\n\n<p>Secretario: Marcelo Ram\u00f3n Albelo<\/p>\n\n\n\n<p>Prosecretario: Patricio Fernando L\u00f3pez<\/p>\n\n\n\n<p>Tesorero: Carlos Jos\u00e9 Goazalbez<\/p>\n\n\n\n<p>Protesorero: Andr\u00e9s Ricardo Pelussi<\/p>\n\n\n\n<p>Vocal Titular 1\u00ba: Dante Horacio Damiani<\/p>\n\n\n\n<p>Vocal Titular 2\u00ba Mauricio Pablo Canalli<\/p>\n\n\n\n<p>Vocal Titular 3\u00ba Amilcar Aldo Cecotti<\/p>\n\n\n\n<p>Vocal Titular 4\u00ba Carlos Mar\u00eda Artero<\/p>\n\n\n\n<p>Vocal Titular 5\u00ba Mat\u00edas Carpiniano<\/p>\n\n\n\n<p>Vocal Suplente 1\u00ba Andrea Rosana Barretto<\/p>\n\n\n\n<p>Vocal Suplente 2\u00ba Cristian Ernesto Ram\u00f3n Delfabro<\/p>\n\n\n\n<p>Vocal Suplente 3\u00ba Alvaro Tom\u00e1s G\u00f3mez<\/p>\n\n\n\n<p>Vocal Suplente 4\u00ba Alejandro Seferino Buseghin<\/p>\n\n\n\n<p>Revisor de Cuentas Titular: Walter Fabi\u00e1n Hofer<\/p>\n\n\n\n<p>Revisor de Cuentas Titular: F\u00e9lix Osvaldo Seni<\/p>\n\n\n\n<p>Revisor de Cuentas Titular: Adri\u00e1n Gustavo El Jury<\/p>\n\n\n\n<p>Revisor de Cuentas Suplente: Marcelo Rub\u00e9n Quinteros<\/p>\n\n\n\n<p>Revisor de Cuentas Suplente: Mar\u00eda Eugenia Grieco<\/p>\n\n\n\n<p>Tribunal de Justicia: Miembro Titular 1\u00ba: Ricardo An\u00edbal Machuca Gonzalez<\/p>\n\n\n\n<p>Tribunal de Justicia: Miembro Titular 2\u00ba: Luciano Diego Taborda<\/p>\n\n\n\n<p>Tribunal de Justicia: Miembro Titular 3\u00ba: Luis Alberto Mario Baldo<\/p>\n\n\n\n<p>Tribunal de Justicia: Miembro Titular 1\u00ba: Luis Carlos Rittiner<\/p>\n\n\n\n<p>Tribunal de Justicia: Miembro Suplente 2\u00ba: Mauro Bravo<\/p>\n","protected":false},"excerpt":{"rendered":"<p>Presidente: Marcelo Roberto Turcato Vicepresidente 1\u00ba Diego Andr\u00e9s Pucciarelli Vicepresidente 2\u00ba Daniel Roque Gianoglio Secretario: Marcelo Ram\u00f3n Albelo Prosecretario: Patricio Fernando L\u00f3pez Tesorero: Carlos Jos\u00e9 Goazalbez Protesorero: Andr\u00e9s Ricardo Pelussi Vocal Titular 1\u00ba: Dante Horacio Damiani Vocal Titular 2\u00ba Mauricio Pablo Canalli Vocal Titular 3\u00ba Amilcar Aldo Cecotti Vocal Titular 4\u00ba Carlos Mar\u00eda Artero Vocal [&hellip;]<\/p>\n","protected":false},"author":1,"featured_media":0,"parent":0,"menu_order":0,"comment_status":"closed","ping_status":"closed","template":"","meta":{"pagelayer_contact_templates":[],"_pagelayer_content":"","footnotes":""},"class_list":["post-32","page","type-page","status-publish","hentry"],"_links":{"self":[{"href":"https:\/\/fbpsantafe.com.ar\/index.php?rest_route=\/wp\/v2\/pages\/32","targetHints":{"allow":["GET"]}}],"collection":[{"href":"https:\/\/fbpsantafe.com.ar\/index.php?rest_route=\/wp\/v2\/pages"}],"about":[{"href":"https:\/\/fbpsantafe.com.ar\/index.php?rest_route=\/wp\/v2\/types\/page"}],"author":[{"embeddable":true,"href":"https:\/\/fbpsantafe.com.ar\/index.php?rest_route=\/wp\/v2\/users\/1"}],"replies":[{"embeddable":true,"href":"https:\/\/fbpsantafe.com.ar\/index.php?rest_route=%2Fwp%2Fv2%2Fcomments&post=32"}],"version-history":[{"count":1,"href":"https:\/\/fbpsantafe.com.ar\/index.php?rest_route=\/wp\/v2\/pages\/32\/revisions"}],"predecessor-version":[{"id":33,"href":"https:\/\/fbpsantafe.com.ar\/index.php?rest_route=\/wp\/v2\/pages\/32\/revisions\/33"}],"wp:attachment":[{"href":"https:\/\/fbpsantafe.com.ar\/index.php?rest_route=%2Fwp%2Fv2%2Fmedia&parent=32"}],"curies":[{"name":"wp","href":"https:\/\/api.w.org\/{rel}","templated":true}]}}